{"id":640,"date":"2020-10-08T23:50:52","date_gmt":"2020-10-08T23:50:52","guid":{"rendered":"https:\/\/megabyte.mx\/servicios\/?page_id=640"},"modified":"2021-08-12T05:40:16","modified_gmt":"2021-08-12T05:40:16","slug":"garantia-de-satisfaccion","status":"publish","type":"page","link":"https:\/\/megabyte.mx\/servicios\/index.php\/garantia-de-satisfaccion\/","title":{"rendered":"Garant\u00eda de Satisfacci\u00f3n"},"content":{"rendered":"<p>[et_pb_section fb_built=&#8221;1&#8243; admin_label=&#8221;Header&#8221; _builder_version=&#8221;4.4.8&#8243; use_background_color_gradient=&#8221;on&#8221; background_color_gradient_start=&#8221;#46b3ff&#8221; background_color_gradient_end=&#8221;#0752fe&#8221; background_color_gradient_direction=&#8221;237deg&#8221; background_image=&#8221;https:\/\/megabyte.mx\/servicios\/wp-content\/uploads\/2020\/06\/soportemegabyte.jpg&#8221; min_height=&#8221;288px&#8221; custom_padding=&#8221;100px||10vw||false|false&#8221; animation_style=&#8221;slide&#8221; animation_direction=&#8221;top&#8221; animation_intensity_slide=&#8221;2%&#8221; animation_starting_opacity=&#8221;100%&#8221;][et_pb_row column_structure=&#8221;1_2,1_2&#8243; _builder_version=&#8221;3.25&#8243;][et_pb_column type=&#8221;1_2&#8243; _builder_version=&#8221;3.25&#8243; custom_padding=&#8221;60px|||&#8221; custom_padding_tablet=&#8221;0px|||&#8221; custom_padding_phone=&#8221;&#8221; custom_padding_last_edited=&#8221;on|tablet&#8221; padding_tablet=&#8221;0px|||&#8221; padding_last_edited=&#8221;on|tablet&#8221; custom_padding__hover=&#8221;|||&#8221;][et_pb_text _builder_version=&#8221;4.4.8&#8243; text_font=&#8221;||||||||&#8221; text_font_size=&#8221;16px&#8221; text_line_height=&#8221;2em&#8221; header_font=&#8221;Rubik|500|||||||&#8221; header_font_size=&#8221;52px&#8221; header_line_height=&#8221;1.2em&#8221; background_layout=&#8221;dark&#8221; hover_enabled=&#8221;0&#8243; header_font_size_tablet=&#8221;42px&#8221; header_font_size_phone=&#8221;32px&#8221; header_font_size_last_edited=&#8221;on|desktop&#8221; text_text_shadow_style=&#8221;preset1&#8243; text_text_shadow_blur_strength=&#8221;2em&#8221;]<\/p>\n<h1><\/h1>\n<h1><\/h1>\n<h1><\/h1>\n<h1><\/h1>\n<h1><\/h1>\n<h1><\/h1>\n<h1><\/h1>\n<h1><\/h1>\n<h1><\/h1>\n<h1><\/h1>\n<h1><\/h1>\n<p>&nbsp;<\/p>\n<h1><\/h1>\n<h1><\/h1>\n<h1><\/h1>\n<h1><span style=\"font-size: 52px;\"><\/span><\/h1>\n<p style=\"text-align: center;\"><span style=\"font-size: 52px;\">Garant\u00eda de Satisfacci\u00f3n<\/span><\/p>\n<p style=\"text-align: center;\">Confiamos en nuestra experiencia en los servicios ofertados para garantizar tu servicio.<\/p>\n<p>&nbsp;<\/p>\n<p>&nbsp;<\/p>\n<p>&nbsp;<\/p>\n<p>&nbsp;<\/p>\n<p>&nbsp;<\/p>\n<p>[\/et_pb_text][\/et_pb_column][et_pb_column type=&#8221;1_2&#8243; _builder_version=&#8221;3.25&#8243; custom_padding=&#8221;|||&#8221; custom_padding__hover=&#8221;|||&#8221;][et_pb_image src=&#8221;https:\/\/megabyte.mx\/servicios\/wp-content\/uploads\/2020\/10\/garantia03.png&#8221; title_text=&#8221;garantia03&#8243; align_tablet=&#8221;center&#8221; align_phone=&#8221;&#8221; align_last_edited=&#8221;on|desktop&#8221; _builder_version=&#8221;4.4.8&#8243; width=&#8221;46%&#8221; max_width=&#8221;100%&#8221; custom_margin=&#8221;170px||||false|false&#8221; animation_style=&#8221;zoom&#8221; animation_intensity_zoom=&#8221;10%&#8221;][\/et_pb_image][\/et_pb_column][\/et_pb_row][\/et_pb_section][et_pb_section fb_built=&#8221;1&#8243; _builder_version=&#8221;4.4.8&#8243; min_height=&#8221;914px&#8221; custom_margin=&#8221;-297px||24px|||&#8221;][et_pb_row _builder_version=&#8221;4.4.8&#8243;][et_pb_column type=&#8221;4_4&#8243; _builder_version=&#8221;4.4.8&#8243;][et_pb_text _builder_version=&#8221;4.4.8&#8243;]<\/p>\n<p>&nbsp;<\/p>\n<p>La experiencia acumulada a lo largo de m\u00e1s de 11 a\u00f1os es la que nos permite otorgar un servicio de la mejor calidad, por eso nos atrevemos a garantizar que si usted contrata cualquiera de nuestros planes de hospedaje y su satisfacci\u00f3n no es total, le devolveremos \u00edntegramente su dinero.<\/p>\n<p>Para hacer v\u00e1lida esta garant\u00eda es necesario que usted la solicite dentro de los 30 d\u00edas naturales contados a partir del d\u00eda en que hayamos recibido su pago por el servicio.<\/p>\n<p>Esta garant\u00eda s\u00f3lo aplica a nuestro servicio de <strong>hospedaje compartido<\/strong> y a ning\u00fan otro servicio. Los servicios de registro de dominios y cualquier otro quedan completamente excluidos de esta garant\u00eda.<\/p>\n<p>La devoluci\u00f3n de su dinero se realizar\u00e1 en alguna de las siguientes formas:<\/p>\n<p>Directamente a su tarjeta de debido o de cr\u00e9dito, en caso de que su pago lo haya realizado con ese instrumento.<br \/> Transferencia electr\u00f3nica.<br \/> Dep\u00f3sito bancario.<br \/> No existe otra forma en que podamos efectuar la devoluci\u00f3n de su dinero.<br \/> La cantidad monetaria a devolver ser\u00e1 exactamente la misma que usted haya pagado por el servicio de hospedaje compartido\u00a0 (incluyendo impuestos). Si se adquiri\u00f3 el servicio en promoci\u00f3n donde esta incluido el dominio solo se har\u00e1 la devoluci\u00f3n correspondiente al hospedaje.<\/p>\n<p>&nbsp;<\/p>\n<p>Importante:<\/p>\n<p>Para hacer v\u00e1lida esta garant\u00eda le solicitaremos a usted alguna muestra fehaciente (mail, carta, etc.) que compruebe alguna falla t\u00e9cnica, mala atenci\u00f3n o peticiones no atendidas por parte de nuestro personal.<\/p>\n<p>Su devoluci\u00f3n proceder\u00e1 inmediatamente despu\u00e9s de que hayamos recibido la factura\u00a0 que le hicimos llegar por el servicio.<\/p>\n<p>Inmediatamente despu\u00e9s de que hayamos efectuado la devoluci\u00f3n de su dinero, procederemos a la cancelaci\u00f3n de su servicio de hospedaje, recuerde que sus cuentas de correo y la informaci\u00f3n contenida en su sitio web son parte de ese servicio, por lo que dejar\u00e1n de funcionar.<\/p>\n<p>Por favor, haga un respaldo de su informaci\u00f3n y baje sus correos antes de solicitar esta garant\u00eda ya que no seremos responsables por p\u00e9rdida de informaci\u00f3n.<\/p>\n<p>Su dominio seguir\u00e1 resolviendo en nuestro DNS hasta que usted lo transfiera a otro servidor.<\/p>\n<p>Esta garant\u00eda NO ser\u00e1 v\u00e1lida si usted cuenta con pagos pendientes (por excedente en\u00a0 espacio extra en disco duro, buzones extra, etc.). As\u00ed como en la renovaci\u00f3n de su plan de hospedaje.<br \/> Para solicitar esta garant\u00eda levante un ticket de servicio\u00a0 o envie un correo electronico a <a href=\"mailto:soporte@megabyte.mx,\">soporte@megabyte.mx<\/a><\/p>\n<p>&nbsp;<\/p>\n<p>[\/et_pb_text][\/et_pb_column][\/et_pb_row][\/et_pb_section]<\/p>\n","protected":false},"excerpt":{"rendered":"<p>&nbsp; Garant\u00eda de Satisfacci\u00f3n Confiamos en nuestra experiencia en los servicios ofertados para garantizar tu servicio. &nbsp; &nbsp; &nbsp; &nbsp; &nbsp; &nbsp; La experiencia acumulada a lo largo de m\u00e1s de 11 a\u00f1os es la que nos permite otorgar un servicio de la mejor calidad, por eso nos atrevemos a garantizar que si usted contrata [&hellip;]<\/p>\n","protected":false},"author":1,"featured_media":0,"parent":0,"menu_order":0,"comment_status":"closed","ping_status":"closed","template":"","meta":{"_et_pb_use_builder":"on","_et_pb_old_content":"","_et_gb_content_width":""},"yoast_head":"<!-- This site is optimized with the Yoast SEO plugin v17.3 - https:\/\/yoast.com\/wordpress\/plugins\/seo\/ -->\n<title>Garant\u00eda de Satisfacci\u00f3n - Megabyte<\/title>\n<meta name=\"robots\" content=\"index, follow, max-snippet:-1, max-image-preview:large, max-video-preview:-1\" \/>\n<link rel=\"canonical\" href=\"https:\/\/megabyte.mx\/servicios\/index.php\/garantia-de-satisfaccion\/\" \/>\n<meta property=\"og:locale\" content=\"es_MX\" \/>\n<meta property=\"og:type\" content=\"article\" \/>\n<meta property=\"og:title\" content=\"Garant\u00eda de Satisfacci\u00f3n - Megabyte\" \/>\n<meta property=\"og:description\" content=\"&nbsp; Garant\u00eda de Satisfacci\u00f3n Confiamos en nuestra experiencia en los servicios ofertados para garantizar tu servicio. &nbsp; &nbsp; &nbsp; &nbsp; &nbsp; &nbsp; La experiencia acumulada a lo largo de m\u00e1s de 11 a\u00f1os es la que nos permite otorgar un servicio de la mejor calidad, por eso nos atrevemos a garantizar que si usted contrata [&hellip;]\" \/>\n<meta property=\"og:url\" content=\"https:\/\/megabyte.mx\/servicios\/index.php\/garantia-de-satisfaccion\/\" \/>\n<meta property=\"og:site_name\" content=\"Megabyte\" \/>\n<meta property=\"article:modified_time\" content=\"2021-08-12T05:40:16+00:00\" \/>\n<meta name=\"twitter:card\" content=\"summary_large_image\" \/>\n<meta name=\"twitter:label1\" content=\"Tiempo de lectura\" \/>\n\t<meta name=\"twitter:data1\" content=\"4 minutos\" \/>\n<script type=\"application\/ld+json\" class=\"yoast-schema-graph\">{\"@context\":\"https:\/\/schema.org\",\"@graph\":[{\"@type\":\"WebSite\",\"@id\":\"https:\/\/megabyte.mx\/servicios\/#website\",\"url\":\"https:\/\/megabyte.mx\/servicios\/\",\"name\":\"Megabyte\",\"description\":\"YOUR HOSTING SOLUTION\",\"potentialAction\":[{\"@type\":\"SearchAction\",\"target\":{\"@type\":\"EntryPoint\",\"urlTemplate\":\"https:\/\/megabyte.mx\/servicios\/?s={search_term_string}\"},\"query-input\":\"required name=search_term_string\"}],\"inLanguage\":\"es-MX\"},{\"@type\":\"WebPage\",\"@id\":\"https:\/\/megabyte.mx\/servicios\/index.php\/garantia-de-satisfaccion\/#webpage\",\"url\":\"https:\/\/megabyte.mx\/servicios\/index.php\/garantia-de-satisfaccion\/\",\"name\":\"Garant\\u00eda de Satisfacci\\u00f3n - Megabyte\",\"isPartOf\":{\"@id\":\"https:\/\/megabyte.mx\/servicios\/#website\"},\"datePublished\":\"2020-10-08T23:50:52+00:00\",\"dateModified\":\"2021-08-12T05:40:16+00:00\",\"breadcrumb\":{\"@id\":\"https:\/\/megabyte.mx\/servicios\/index.php\/garantia-de-satisfaccion\/#breadcrumb\"},\"inLanguage\":\"es-MX\",\"potentialAction\":[{\"@type\":\"ReadAction\",\"target\":[\"https:\/\/megabyte.mx\/servicios\/index.php\/garantia-de-satisfaccion\/\"]}]},{\"@type\":\"BreadcrumbList\",\"@id\":\"https:\/\/megabyte.mx\/servicios\/index.php\/garantia-de-satisfaccion\/#breadcrumb\",\"itemListElement\":[{\"@type\":\"ListItem\",\"position\":1,\"name\":\"Home\",\"item\":\"https:\/\/megabyte.mx\/servicios\/\"},{\"@type\":\"ListItem\",\"position\":2,\"name\":\"Garant\\u00eda de Satisfacci\\u00f3n\"}]}]}<\/script>\n<!-- \/ Yoast SEO plugin. -->","yoast_head_json":{"title":"Garant\u00eda de Satisfacci\u00f3n - Megabyte","robots":{"index":"index","follow":"follow","max-snippet":"max-snippet:-1","max-image-preview":"max-image-preview:large","max-video-preview":"max-video-preview:-1"},"canonical":"https:\/\/megabyte.mx\/servicios\/index.php\/garantia-de-satisfaccion\/","og_locale":"es_MX","og_type":"article","og_title":"Garant\u00eda de Satisfacci\u00f3n - Megabyte","og_description":"&nbsp; Garant\u00eda de Satisfacci\u00f3n Confiamos en nuestra experiencia en los servicios ofertados para garantizar tu servicio. &nbsp; &nbsp; &nbsp; &nbsp; &nbsp; &nbsp; La experiencia acumulada a lo largo de m\u00e1s de 11 a\u00f1os es la que nos permite otorgar un servicio de la mejor calidad, por eso nos atrevemos a garantizar que si usted contrata [&hellip;]","og_url":"https:\/\/megabyte.mx\/servicios\/index.php\/garantia-de-satisfaccion\/","og_site_name":"Megabyte","article_modified_time":"2021-08-12T05:40:16+00:00","twitter_card":"summary_large_image","twitter_misc":{"Tiempo de lectura":"4 minutos"},"schema":{"@context":"https:\/\/schema.org","@graph":[{"@type":"WebSite","@id":"https:\/\/megabyte.mx\/servicios\/#website","url":"https:\/\/megabyte.mx\/servicios\/","name":"Megabyte","description":"YOUR HOSTING SOLUTION","potentialAction":[{"@type":"SearchAction","target":{"@type":"EntryPoint","urlTemplate":"https:\/\/megabyte.mx\/servicios\/?s={search_term_string}"},"query-input":"required name=search_term_string"}],"inLanguage":"es-MX"},{"@type":"WebPage","@id":"https:\/\/megabyte.mx\/servicios\/index.php\/garantia-de-satisfaccion\/#webpage","url":"https:\/\/megabyte.mx\/servicios\/index.php\/garantia-de-satisfaccion\/","name":"Garant\u00eda de Satisfacci\u00f3n - Megabyte","isPartOf":{"@id":"https:\/\/megabyte.mx\/servicios\/#website"},"datePublished":"2020-10-08T23:50:52+00:00","dateModified":"2021-08-12T05:40:16+00:00","breadcrumb":{"@id":"https:\/\/megabyte.mx\/servicios\/index.php\/garantia-de-satisfaccion\/#breadcrumb"},"inLanguage":"es-MX","potentialAction":[{"@type":"ReadAction","target":["https:\/\/megabyte.mx\/servicios\/index.php\/garantia-de-satisfaccion\/"]}]},{"@type":"BreadcrumbList","@id":"https:\/\/megabyte.mx\/servicios\/index.php\/garantia-de-satisfaccion\/#breadcrumb","itemListElement":[{"@type":"ListItem","position":1,"name":"Home","item":"https:\/\/megabyte.mx\/servicios\/"},{"@type":"ListItem","position":2,"name":"Garant\u00eda de Satisfacci\u00f3n"}]}]}},"_links":{"self":[{"href":"https:\/\/megabyte.mx\/servicios\/index.php\/wp-json\/wp\/v2\/pages\/640"}],"collection":[{"href":"https:\/\/megabyte.mx\/servicios\/index.php\/wp-json\/wp\/v2\/pages"}],"about":[{"href":"https:\/\/megabyte.mx\/servicios\/index.php\/wp-json\/wp\/v2\/types\/page"}],"author":[{"embeddable":true,"href":"https:\/\/megabyte.mx\/servicios\/index.php\/wp-json\/wp\/v2\/users\/1"}],"replies":[{"embeddable":true,"href":"https:\/\/megabyte.mx\/servicios\/index.php\/wp-json\/wp\/v2\/comments?post=640"}],"version-history":[{"count":10,"href":"https:\/\/megabyte.mx\/servicios\/index.php\/wp-json\/wp\/v2\/pages\/640\/revisions"}],"predecessor-version":[{"id":1126,"href":"https:\/\/megabyte.mx\/servicios\/index.php\/wp-json\/wp\/v2\/pages\/640\/revisions\/1126"}],"wp:attachment":[{"href":"https:\/\/megabyte.mx\/servicios\/index.php\/wp-json\/wp\/v2\/media?parent=640"}],"curies":[{"name":"wp","href":"https:\/\/api.w.org\/{rel}","templated":true}]}}